{"id":254,"date":"2019-09-24T13:13:07","date_gmt":"2019-09-24T11:13:07","guid":{"rendered":"http:\/\/2019.blickpunkt-identitaet.eu\/?page_id=254"},"modified":"2019-09-24T13:13:07","modified_gmt":"2019-09-24T11:13:07","slug":"team","status":"publish","type":"page","link":"https:\/\/www.blickpunkt-identitaet.eu\/en\/blickpunkt-identitat\/team\/","title":{"rendered":"Team"},"content":{"rendered":"<h1>The team<\/h1>\n\n\n\n<p>Our team is characterized by a wide range of different approaches and therefore, ensures a wide range of methods.&nbsp;<\/p>\n\n\n\n<p>Together, everyone has an integrative approach, the need to learn and develop themselves, a high commitment and the pleasure at work.<\/p>\n\n\n\n<p>To get to a specific person&#8217;s profile, simply click on the photo.<\/p>\n\n\n\t\t\n\t\t\t\t\n\t\t<a name=\"anchor-team\" class=\"anchor anchor2\"><\/a>\n\t\t\n\t\t\t\t<div id=\"articles-team\" class=\"articles fgrid3 fgrid gap clearfix \">\t\t\t\n\t\t\t\t\n\t\t\t\t\t\t\t\t\n\t\t\t\t\t\t\t\t\t\t<div class=\"entry fcol clearfix\">\t\t\t\n\t\t\t\t\t\t\t\t\t\t\t\n\t\t\t\t\t\t\t\t\t\t\t\t\n\t\t\t\t\t\t\t\t\t\t\t\t\t\t\t\t\t\t\t\t\t\t\t<a href=\"https:\/\/www.blickpunkt-identitaet.eu\/en\/team-en\/susanne-linde-msc\/\">\n\t\t\t\t\t\t\t\t\t\t\t\t\t\n\t\t\t\t\t\t\t\t\t\t\t\t\t\t\t\t\n\t\t\t\t\t\t<div class=\"pic\">\n\t\t\t\t\t\t<div class=\"picbox\">\n\t\t\t\t\t\t<img width=\"500\" height=\"500\" src=\"https:\/\/www.blickpunkt-identitaet.eu\/wp\/wp-content\/uploads\/avatar-woman-500x500.png\" class=\"attachment-articlepic size-articlepic wp-post-image\" alt=\"\" decoding=\"async\" loading=\"lazy\" \/>\t\t\t\t\t\t<\/div>\n\t\t\t\t\t\t<\/div>\n\t\t\t\t\t\t\n\t\t\t\t\t\t<div class=\"desc noexcerpt \" >\n\t\t\t\t\t\t\t<h4>Susanne Linde, MSc<\/h4>\n\t\t\t\t\t\t\t<div class=\"excerpt\">\n\t\t\t\t\t\t\t<p>Ein Licht, das von innen her leuchtet, kann niemand ausl\u00f6schen. Ich bin: verheiratet, habe 2 S\u00f6hne und lebe im S\u00fcdburgenland akademische, integrative Trainerinzertifizierte Beraterin f\u00fcr systemische Familien- und StrukturaufstellungenShiatsu PraktikerinJugendleiterinBeraterin f\u00fcr Bachbl\u00fctenholistische Kinesiologin i.A. Wichtige Stationen: Vielseitig talentiert und interessiert, daher st\u00e4ndig mit Entscheidungen konfrontiert. Doch mit den Jahren lerne ich, dass hinter jedem Entweder [&hellip;]<\/p>\t\t\t\t\t\t\t<\/div>\n\t\t\t\t\t\t<\/div>\t\n\t\t\t\t\t\t\n\t\t\t\t\t\t\t\t\t\t\t\t\n\t\t\t\t\t\t\t<\/a>\t\t\t\t\t\t\n\t\t\t\t\t\t\t\t\t\t\t\n\t\t\t\t\t<\/div>\n\t\t\t\t\t\t\t\t\t\t\n\t\t\t\t\t\t\t\t\t\t\n\t\t\t\t\t\t\t\t\n\t\t\t\t\t\t\t\t\t\t<div class=\"entry fcol clearfix\">\t\t\t\n\t\t\t\t\t\t\t\t\t\t\t\n\t\t\t\t\t\t\t\t\t\t\t\t\n\t\t\t\t\t\t\t\t\t\t\t\t\t\t\t\t\t\t\t\t\t\t\t<a href=\"https:\/\/www.blickpunkt-identitaet.eu\/en\/team-en\/mag-klaus-linde-leimer-msc\/\">\n\t\t\t\t\t\t\t\t\t\t\t\t\t\n\t\t\t\t\t\t\t\t\t\t\t\t\t\t\t\t\n\t\t\t\t\t\t<div class=\"pic\">\n\t\t\t\t\t\t<div class=\"picbox\">\n\t\t\t\t\t\t<img width=\"500\" height=\"500\" src=\"https:\/\/www.blickpunkt-identitaet.eu\/wp\/wp-content\/uploads\/avatar-man-500x500.png\" class=\"attachment-articlepic size-articlepic wp-post-image\" alt=\"\" decoding=\"async\" loading=\"lazy\" \/>\t\t\t\t\t\t<\/div>\n\t\t\t\t\t\t<\/div>\n\t\t\t\t\t\t\n\t\t\t\t\t\t<div class=\"desc noexcerpt \" >\n\t\t\t\t\t\t\t<h4>Mag. Klaus Linde-Leimer, MSc<\/h4>\n\t\t\t\t\t\t\t<div class=\"excerpt\">\n\t\t\t\t\t\t\t<p>Ganz neue Zusammenh\u00e4nge entdeckt nicht das Auge, das \u00fcber ein Werkst\u00fcck gebeugt ist, sondern das Auge, das in Mu\u00dfe den Horizont absucht. Ich bin: verheiratet, habe 1 Sohn und lebe im S\u00fcdburgenland akdemischer, integrativer Trainer Arbeits- und Organisationspsychologe klinischer und Gesundheitspsychologe holistischer Kinesiologe i.A. Wichtige Stationen: Nach dem Gymnasium habe ich Psychologie studiert. W\u00e4hrend meiner [&hellip;]<\/p>\t\t\t\t\t\t\t<\/div>\n\t\t\t\t\t\t<\/div>\t\n\t\t\t\t\t\t\n\t\t\t\t\t\t\t\t\t\t\t\t\n\t\t\t\t\t\t\t<\/a>\t\t\t\t\t\t\n\t\t\t\t\t\t\t\t\t\t\t\n\t\t\t\t\t<\/div>\n\t\t\t\t\t\t\t\t\t\t\n\t\t\t\t\t\t\t\t\t\t\n\t\t\t\t\t\t\t\t\n\t\t\t\t\t\t\t\t\t\t<div class=\"entry fcol clearfix\">\t\t\t\n\t\t\t\t\t\t\t\t\t\t\t\n\t\t\t\t\t\t\t\t\t\t\t\t\n\t\t\t\t\t\t\t\t\t\t\t\t\t\t\t\t\t\t\t\t\t\t\t<a href=\"https:\/\/www.blickpunkt-identitaet.eu\/en\/team-en\/univ-prof-dr-phil-karl-garnitschnig\/\">\n\t\t\t\t\t\t\t\t\t\t\t\t\t\n\t\t\t\t\t\t\t\t\t\t\t\t\t\t\t\t\n\t\t\t\t\t\t<div class=\"pic\">\n\t\t\t\t\t\t<div class=\"picbox\">\n\t\t\t\t\t\t<img width=\"500\" height=\"500\" src=\"https:\/\/www.blickpunkt-identitaet.eu\/wp\/wp-content\/uploads\/avatar-man-500x500.png\" class=\"attachment-articlepic size-articlepic wp-post-image\" alt=\"\" decoding=\"async\" loading=\"lazy\" \/>\t\t\t\t\t\t<\/div>\n\t\t\t\t\t\t<\/div>\n\t\t\t\t\t\t\n\t\t\t\t\t\t<div class=\"desc noexcerpt \" >\n\t\t\t\t\t\t\t<h4>Univ.-Prof. Dr. phil. Karl Garnitschnig<\/h4>\n\t\t\t\t\t\t\t<div class=\"excerpt\">\n\t\t\t\t\t\t\t<p>Das Entscheidende am Wissen ist, dass man es beherzigt und anwendet. Ich bin: P\u00e4dagoge und eingetragener Psychotherapeut und verf\u00fcge \u00fcber jahrzehntelange Erfahrung in der Ausbildung von Lernenden. Als Universit\u00e4tsprofessor initiierte und leitete ich viele verschiedene Projekte in der Erwachsenenbildung. Dar\u00fcber hinaus beteiligte ich mich an drei Schulgr\u00fcndungen und an deren Entwicklung. Ich bin Vorsitzender der [&hellip;]<\/p>\t\t\t\t\t\t\t<\/div>\n\t\t\t\t\t\t<\/div>\t\n\t\t\t\t\t\t\n\t\t\t\t\t\t\t\t\t\t\t\t\n\t\t\t\t\t\t\t<\/a>\t\t\t\t\t\t\n\t\t\t\t\t\t\t\t\t\t\t\n\t\t\t\t\t<\/div>\n\t\t\t\t\t\t\t\t\t\t\n\t\t\t\t\t\t\t\t\t\t\n\t\t\t\t\t\t\t\t\n\t\t\t\t\t\t\t\t\t\t<div class=\"entry fcol clearfix\">\t\t\t\n\t\t\t\t\t\t\t\t\t\t\t\n\t\t\t\t\t\t\t\t\t\t\t\t\n\t\t\t\t\t\t\t\t\t\t\t\t\t\t\t\t\t\t\t\t\t\t\t<a href=\"https:\/\/www.blickpunkt-identitaet.eu\/en\/team-en\/mag-huberta-gneisenau\/\">\n\t\t\t\t\t\t\t\t\t\t\t\t\t\n\t\t\t\t\t\t\t\t\t\t\t\t\t\t\t\t\n\t\t\t\t\t\t<div class=\"pic\">\n\t\t\t\t\t\t<div class=\"picbox\">\n\t\t\t\t\t\t<img width=\"500\" height=\"500\" src=\"https:\/\/www.blickpunkt-identitaet.eu\/wp\/wp-content\/uploads\/team_gneisenau-500x500.jpg\" class=\"attachment-articlepic size-articlepic wp-post-image\" alt=\"Mag. Huberta Gneisenau\" decoding=\"async\" loading=\"lazy\" \/>\t\t\t\t\t\t<\/div>\n\t\t\t\t\t\t<\/div>\n\t\t\t\t\t\t\n\t\t\t\t\t\t<div class=\"desc noexcerpt \" >\n\t\t\t\t\t\t\t<h4>Mag. Huberta Gneisenau<\/h4>\n\t\t\t\t\t\t\t<div class=\"excerpt\">\n\t\t\t\t\t\t\t<p>May you trust your highest power that you are exactly where you are meant to be&#8230; Ich bin: Yogalehrerin mit internationalem Yoga-Diplom von der Yoga Alliance India in Neu Delhi nach 4j\u00e4hriger Ausbildung der europ\u00e4ischen Yoga-Union mit dem Yoga Mandiram in M\u00fcnchen nach Sri T. Krishnamacharya BDY zertifiziert Ethnologin f\u00fcr Medizin und Gender und bringe [&hellip;]<\/p>\t\t\t\t\t\t\t<\/div>\n\t\t\t\t\t\t<\/div>\t\n\t\t\t\t\t\t\n\t\t\t\t\t\t\t\t\t\t\t\t\n\t\t\t\t\t\t\t<\/a>\t\t\t\t\t\t\n\t\t\t\t\t\t\t\t\t\t\t\n\t\t\t\t\t<\/div>\n\t\t\t\t\t\t\t\t\t\t\n\t\t\t\t\t\t\t\t\t\t\n\t\t\t\t\t\t\t\t\n\t\t\t\t\t\t\t\t\t\t<div class=\"entry fcol clearfix\">\t\t\t\n\t\t\t\t\t\t\t\t\t\t\t\n\t\t\t\t\t\t\t\t\t\t\t\t\n\t\t\t\t\t\t\t\t\t\t\t\t\t\t\t\t\t\t\t\t\t\t\t<a href=\"https:\/\/www.blickpunkt-identitaet.eu\/en\/team-en\/briant-rokyta\/\">\n\t\t\t\t\t\t\t\t\t\t\t\t\t\n\t\t\t\t\t\t\t\t\t\t\t\t\t\t\t\t\n\t\t\t\t\t\t<div class=\"pic\">\n\t\t\t\t\t\t<div class=\"picbox\">\n\t\t\t\t\t\t<img width=\"500\" height=\"500\" src=\"https:\/\/www.blickpunkt-identitaet.eu\/wp\/wp-content\/uploads\/avatar-man-500x500.png\" class=\"attachment-articlepic size-articlepic wp-post-image\" alt=\"\" decoding=\"async\" loading=\"lazy\" \/>\t\t\t\t\t\t<\/div>\n\t\t\t\t\t\t<\/div>\n\t\t\t\t\t\t\n\t\t\t\t\t\t<div class=\"desc noexcerpt \" >\n\t\t\t\t\t\t\t<h4>Briant Rokyta<\/h4>\n\t\t\t\t\t\t\t<div class=\"excerpt\">\n\t\t\t\t\t\t\t<p>Follow the Enthusiasm Ich bin: verheiratet, Vater einer Tochter und eines Sohnes und lebe im Co-Housingprojekt Lebensraum in G\u00e4nserndorf-S\u00fcd Bildender K\u00fcnstler im Bereich Bildhauerei, Malerei und Performance Trainer f\u00fcr Wirtschafts- und Sozialkompetenzen Kreativtrainer im Klinikum und Kurhotel Bad Pirawarth&nbsp; Wichtige Stationen: Auf verschlungenen Wegen meiner neugierigen Jugend und auf vielen Reisen habe ich den k\u00fcnstlerischen [&hellip;]<\/p>\t\t\t\t\t\t\t<\/div>\n\t\t\t\t\t\t<\/div>\t\n\t\t\t\t\t\t\n\t\t\t\t\t\t\t\t\t\t\t\t\n\t\t\t\t\t\t\t<\/a>\t\t\t\t\t\t\n\t\t\t\t\t\t\t\t\t\t\t\n\t\t\t\t\t<\/div>\n\t\t\t\t\t\t\t\t\t\t\n\t\t\t\t\t\t\t\t\t\t\n\t\t\t\t\t\t\t\t\n\t\t\t\t\t\t\t\t\t\t<div class=\"entry fcol clearfix\">\t\t\t\n\t\t\t\t\t\t\t\t\t\t\t\n\t\t\t\t\t\t\t\t\t\t\t\t\n\t\t\t\t\t\t\t\t\t\t\t\t\t\t\t\t\t\t\t\t\t\t\t<a href=\"https:\/\/www.blickpunkt-identitaet.eu\/en\/team-en\/peter-praschinger\/\">\n\t\t\t\t\t\t\t\t\t\t\t\t\t\n\t\t\t\t\t\t\t\t\t\t\t\t\t\t\t\t\n\t\t\t\t\t\t<div class=\"pic\">\n\t\t\t\t\t\t<div class=\"picbox\">\n\t\t\t\t\t\t<img width=\"500\" height=\"500\" src=\"https:\/\/www.blickpunkt-identitaet.eu\/wp\/wp-content\/uploads\/avatar-man-500x500.png\" class=\"attachment-articlepic size-articlepic wp-post-image\" alt=\"\" decoding=\"async\" loading=\"lazy\" \/>\t\t\t\t\t\t<\/div>\n\t\t\t\t\t\t<\/div>\n\t\t\t\t\t\t\n\t\t\t\t\t\t<div class=\"desc noexcerpt \" >\n\t\t\t\t\t\t\t<h4>Peter Praschinger<\/h4>\n\t\t\t\t\t\t\t<div class=\"excerpt\">\n\t\t\t\t\t\t\t<p>Wenn Du Dich dem hingibst, was ist, und auf diese Weise vollkommen gegenw\u00e4rtig bist, verliert die Vergangenheit all ihre Macht. Ich bin: Peter. Sohn, Bruder und Freund.Lebe in Nieder\u00f6sterreich.Arbeite oft in Wien, viel in \u00d6sterreich und manchmal im Ausland. Schauspieler Moderator Sprecher Trainer Wichtige Stationen: Jeder Tag ist f\u00fcr mich eine wichtige Station. Ich motiviere [&hellip;]<\/p>\t\t\t\t\t\t\t<\/div>\n\t\t\t\t\t\t<\/div>\t\n\t\t\t\t\t\t\n\t\t\t\t\t\t\t\t\t\t\t\t\n\t\t\t\t\t\t\t<\/a>\t\t\t\t\t\t\n\t\t\t\t\t\t\t\t\t\t\t\n\t\t\t\t\t<\/div>\n\t\t\t\t\t\t\t\t\t\t\n\t\t\t\t\t\t\t\t\t\t\n\t\t\t\t\t\n\t\t<\/div>","protected":false},"excerpt":{"rendered":"<p>The team Our team is characterized by a wide range of different approaches and therefore, ensures a wide range of methods.&nbsp; Together, everyone has an integrative approach, the need to learn and develop themselves, a high commitment and the pleasure at work. To get to a specific person&#8217;s profile, simply click on the photo.<\/p>\n","protected":false},"author":1,"featured_media":0,"parent":36,"menu_order":7,"comment_status":"closed","ping_status":"closed","template":"","meta":{"_coblocks_attr":"","_coblocks_dimensions":"","_coblocks_responsive_height":"","_coblocks_accordion_ie_support":""},"_links":{"self":[{"href":"https:\/\/www.blickpunkt-identitaet.eu\/en\/wp-json\/wp\/v2\/pages\/254"}],"collection":[{"href":"https:\/\/www.blickpunkt-identitaet.eu\/en\/wp-json\/wp\/v2\/pages"}],"about":[{"href":"https:\/\/www.blickpunkt-identitaet.eu\/en\/wp-json\/wp\/v2\/types\/page"}],"author":[{"embeddable":true,"href":"https:\/\/www.blickpunkt-identitaet.eu\/en\/wp-json\/wp\/v2\/users\/1"}],"replies":[{"embeddable":true,"href":"https:\/\/www.blickpunkt-identitaet.eu\/en\/wp-json\/wp\/v2\/comments?post=254"}],"version-history":[{"count":1,"href":"https:\/\/www.blickpunkt-identitaet.eu\/en\/wp-json\/wp\/v2\/pages\/254\/revisions"}],"predecessor-version":[{"id":255,"href":"https:\/\/www.blickpunkt-identitaet.eu\/en\/wp-json\/wp\/v2\/pages\/254\/revisions\/255"}],"up":[{"embeddable":true,"href":"https:\/\/www.blickpunkt-identitaet.eu\/en\/wp-json\/wp\/v2\/pages\/36"}],"wp:attachment":[{"href":"https:\/\/www.blickpunkt-identitaet.eu\/en\/wp-json\/wp\/v2\/media?parent=254"}],"curies":[{"name":"wp","href":"https:\/\/api.w.org\/{rel}","templated":true}]}}